{"id":2,"date":"2016-05-10T03:48:21","date_gmt":"2016-05-10T03:48:21","guid":{"rendered":"https:\/\/markpaterson.ch\/?page_id=2"},"modified":"2024-03-13T17:25:04","modified_gmt":"2024-03-13T17:25:04","slug":"sample-page","status":"publish","type":"page","link":"https:\/\/markpaterson.ch\/","title":{"rendered":"Mark Paterson"},"content":{"rendered":"\n<p>Mark Paterson, Autor von \u00abKarlik\u00bb und \u00abSchmetterlinge\u00bb, geboren 1968 in Crowthorne, GB und aufgewachsen in Schaffhausen, besuchte anfangs 90er die F+F Schule in Z\u00fcrich. Damals begann er auch Comics zu zeichnen. Er lebte gut f\u00fcnf Jahre in einer Gross-WG direkt an der Langstrasse und beobachtete das Treiben, die Umw\u00e4lzungen und die R\u00e4uber- und Poli-Spiel im Industriequartier: Rotlichtmilieu, Wohlgroth, Letten, Umbauten, Immobilienspekulation. Nicht mit Schmetterlingen, sondern mit Wut im Bauch, begann er 1999 mit dem Zeichnen von \u00abSchmetterlinge\u00bb- seinem ersten Buch.<\/p>\n\n\n\n<p>Mark Paterson nahm an zahlreichen Einzel\u2013 und Kollektivausstellungen teil, gewann Wettwerbspreise, arbeitet als Illustrator f\u00fcr Zeitschriften und Private und ver\u00f6ffentlichte zahlreiche Kurzgeschichten in verschiedenen europ\u00e4ischen Fanzines, so auch die im Eigenverlag herausgegebenen B\u00e4ndchen \u00abCobble\u00bb, \u00abBodenlos\u00bb und&nbsp;<a href=\"http:\/\/www.dragonfantasy-verlag.ch\/comics_texte\/dragon_comic_paterson1.htm\">\u00abReinfall\u00bb<\/a>.<\/p>\n\n\n\n<p>Seit einigen Jahren pinselt Mark Paterson auch gross und farbig. Mit den Bildern \u2013 &#8222;grossformatigen Comic-Panels mit expressivem Einschlag&#8220; \u2013 feiert er bereits die ersten Erfolge.<\/p>\n\n\n\n<p>Mark Paterson lebt heute wieder in Schaffhausen.<\/p>\n","protected":false},"excerpt":{"rendered":"<p>Mark Paterson, Autor von \u00abKarlik\u00bb und \u00abSchmetterlinge\u00bb, geboren 1968 in Crowthorne, GB und aufgewachsen in Schaffhausen, besuchte anfangs 90er die F+F Schule in Z\u00fcrich. Damals &hellip; <\/p>\n","protected":false},"author":1,"featured_media":11,"parent":0,"menu_order":0,"comment_status":"closed","ping_status":"open","template":"","meta":{"footnotes":""},"class_list":["post-2","page","type-page","status-publish","has-post-thumbnail","hentry"],"_links":{"self":[{"href":"https:\/\/markpaterson.ch\/index.php?rest_route=\/wp\/v2\/pages\/2","targetHints":{"allow":["GET"]}}],"collection":[{"href":"https:\/\/markpaterson.ch\/index.php?rest_route=\/wp\/v2\/pages"}],"about":[{"href":"https:\/\/markpaterson.ch\/index.php?rest_route=\/wp\/v2\/types\/page"}],"author":[{"embeddable":true,"href":"https:\/\/markpaterson.ch\/index.php?rest_route=\/wp\/v2\/users\/1"}],"replies":[{"embeddable":true,"href":"https:\/\/markpaterson.ch\/index.php?rest_route=%2Fwp%2Fv2%2Fcomments&post=2"}],"version-history":[{"count":1,"href":"https:\/\/markpaterson.ch\/index.php?rest_route=\/wp\/v2\/pages\/2\/revisions"}],"predecessor-version":[{"id":7,"href":"https:\/\/markpaterson.ch\/index.php?rest_route=\/wp\/v2\/pages\/2\/revisions\/7"}],"wp:featuredmedia":[{"embeddable":true,"href":"https:\/\/markpaterson.ch\/index.php?rest_route=\/wp\/v2\/media\/11"}],"wp:attachment":[{"href":"https:\/\/markpaterson.ch\/index.php?rest_route=%2Fwp%2Fv2%2Fmedia&parent=2"}],"curies":[{"name":"wp","href":"https:\/\/api.w.org\/{rel}","templated":true}]}}