{"id":33,"date":"2024-03-16T15:58:13","date_gmt":"2024-03-16T15:58:13","guid":{"rendered":"https:\/\/markpaterson.ch\/?page_id=33"},"modified":"2024-03-16T17:11:03","modified_gmt":"2024-03-16T17:11:03","slug":"bandes-dessinees","status":"publish","type":"page","link":"https:\/\/markpaterson.ch\/?page_id=33","title":{"rendered":"Bandes Dessin\u00e9es"},"content":{"rendered":"\n<div class=\"wp-block-media-text is-stacked-on-mobile is-vertically-aligned-top\"><figure class=\"wp-block-media-text__media\"><img loading=\"lazy\" decoding=\"async\" width=\"978\" height=\"1388\" src=\"https:\/\/markpaterson.ch\/wp-content\/uploads\/2024\/03\/hobbylos_cover_small.jpg\" alt=\"\" class=\"wp-image-19 size-full\" srcset=\"https:\/\/markpaterson.ch\/wp-content\/uploads\/2024\/03\/hobbylos_cover_small.jpg 978w, https:\/\/markpaterson.ch\/wp-content\/uploads\/2024\/03\/hobbylos_cover_small-211x300.jpg 211w, https:\/\/markpaterson.ch\/wp-content\/uploads\/2024\/03\/hobbylos_cover_small-722x1024.jpg 722w, https:\/\/markpaterson.ch\/wp-content\/uploads\/2024\/03\/hobbylos_cover_small-768x1090.jpg 768w\" sizes=\"auto, (max-width: 978px) 100vw, 978px\" \/><\/figure><div class=\"wp-block-media-text__content\">\n<div class=\"wp-block-cover\"><span aria-hidden=\"true\" class=\"wp-block-cover__background has-background-dim\"><\/span><div class=\"wp-block-cover__inner-container is-layout-flow wp-block-cover-is-layout-flow\">\n<div class=\"wp-block-group is-vertical is-layout-flex wp-container-core-group-is-layout-b7faace9 wp-block-group-is-layout-flex\">\n<p><strong>Hobbylos<\/strong><br>Ein friedliches Bild: Alte M\u00e4nner und eine Frau die Boule spielen. Klimaerw\u00e4rmung, AKW&#8217;s, Corona \u2013 nichts kann die alten M\u00e4nner und die Frau aus der Ruhe bringen. Doch die Idylle tr\u00fcgt. Wieso hat Max jetzt geschossen? Und die Kugel nicht gelegt? Warum legt Roman seine Kugel immer n\u00e4her ans \u00abS\u00e4uli\u00bb als Susis Kugel? Obwohl er eine miserable Technik hat und nicht einmal R\u00fcckdrall gibt? Weshalb bescheisst Paolo immer beim Nachmessen der Kugeln?<\/p>\n\n\n\n<p>Der arbeitslose Ludomir Karlik nimmt das Ganze gelassen. Besonders sch\u00e4tzt er am Boule, dass man sich eine Flasche Wein g\u00f6nnen kann und gen\u00fcsslich kettenrauchen darf, w\u00e4hrend man diesen Sport treibt. Als pl\u00f6tzlich ein suspekter Wirrkopf \u00fcber den Bouleplatz latscht und skurilles Zeugs ans historische Gem\u00e4uer sprayt, ist es um Karlik, den ehemaligen Detektiven, geschehen. Der alte Tscheche wittert einen Fall, an dem er vielleicht auch etwas verdienen k\u00f6nnte? Zkurveny zivot. Bidaci.<\/p>\n\n\n\n<p class=\"has-text-align-center\">***<\/p>\n\n\n\n<p>Anstatt Comics zu zeichnen, fing der Comiczeichner Mark Paterson eines Tages an, Boule zu spielen und wollte gar nicht mehr damit aufh\u00f6ren, Kugeln zu werfen. Mit klammen Fingern spielt es sich nicht so gut und so zog sich Paterson in den kalten Wintermonaten zur\u00fcck und begann seinen f\u00fcnften Comic. Sein neuster Band f\u00e4ngt an mit &#8230; ? Mit Boule!<\/p>\n\n\n\n<p><a href=\"https:\/\/www.exlibris.ch\/de\/buecher-buch\/deutschsprachige-buecher\/mark-paterson\/hobbylos\/id\/9783952505441\/\" data-type=\"link\" data-id=\"https:\/\/www.exlibris.ch\/de\/buecher-buch\/deutschsprachige-buecher\/mark-paterson\/hobbylos\/id\/9783952505441\/\" target=\"_blank\" rel=\"noreferrer noopener\">&#8222;Hobbylos&#8220; bei Ex-Libris kaufen<\/a><\/p>\n<\/div>\n<\/div><\/div>\n<\/div><\/div>\n\n\n\n<div class=\"wp-block-media-text is-stacked-on-mobile is-vertically-aligned-top\"><figure class=\"wp-block-media-text__media\"><img loading=\"lazy\" decoding=\"async\" width=\"354\" height=\"500\" src=\"https:\/\/markpaterson.ch\/wp-content\/uploads\/2024\/03\/goettibatzen_titel500.png\" alt=\"\" class=\"wp-image-23 size-full\" srcset=\"https:\/\/markpaterson.ch\/wp-content\/uploads\/2024\/03\/goettibatzen_titel500.png 354w, https:\/\/markpaterson.ch\/wp-content\/uploads\/2024\/03\/goettibatzen_titel500-212x300.png 212w\" sizes=\"auto, (max-width: 354px) 100vw, 354px\" \/><\/figure><div class=\"wp-block-media-text__content\">\n<div class=\"wp-block-cover\"><span aria-hidden=\"true\" class=\"wp-block-cover__background has-background-dim\"><\/span><div class=\"wp-block-cover__inner-container is-layout-flow wp-block-cover-is-layout-flow\">\n<div class=\"wp-block-group is-vertical is-layout-flex wp-container-core-group-is-layout-8cf370e7 wp-block-group-is-layout-flex\">\n<p class=\"has-text-align-left\"><strong>G\u00f6ttibatzen<\/strong><br>Der frisch ungl\u00fccklich verliebte Kunststudent und begeisterte Hobbyfussballer Benni erh\u00e4lt unerwartet ein J\u00f6bli. Da kann er endlich beweisen , dass er im Fotografieren einiges drauf hat. Im Gegensatz zum Fussballspielen hat er an der Kamera n\u00e4mlich durchaus Talent. Es lenkt ihn auch von seinem Liebeskummer ab und er bekommt einiges zu sehen. Die Sache mit der \u00abId est\u00bb-Sekte h\u00e4tte er wohl lieber nicht gesehen. Die Mitglieder der Sekte, die aus allen Schichten kommen, sind ihrem Leader hoffnungslos ergeben&#8230;<\/p>\n\n\n\n<p class=\"has-text-align-center\">***<\/p>\n\n\n\n<p>Mark Paterson war selber einmal leidenschaftlicher Hobby-Fussballer. Mit seinem Team BSE Rinderwahnsinn gewann er sogar einmal ein Gr\u00fcmpelturnier in Bargen. Sp\u00e4ter spielte er erfolglos beim FC Lohn in der 5. Liga und schliesslich erfolglos in der alternativen Liga in Z\u00fcrich bei Ex-H\u00fcrlimann. In hohem Fussballalter, nach einer langen Verletzungspause, gab er noch ein Comeback bei den Ventilators, wo er nach einem hundsgemeinen Foul eines Z\u00fcrchers vom Platz getragen werden musste. Heute spielt er kein Fussball mehr, heute spielt er Boule.<\/p>\n<\/div>\n\n\n\n<p><a href=\"https:\/\/www.exlibris.ch\/de\/buecher-buch\/deutschsprachige-buecher\/mark-paterson\/goettibatzen\/id\/9783952505434\/\" data-type=\"link\" data-id=\"https:\/\/www.exlibris.ch\/de\/buecher-buch\/deutschsprachige-buecher\/mark-paterson\/goettibatzen\/id\/9783952505434\/\">&#8222;G\u00f6ttibatzen&#8220; bei Ex-Libris kaufen<\/a><\/p>\n<\/div><\/div>\n<\/div><\/div>\n\n\n\n<div class=\"wp-block-media-text is-stacked-on-mobile is-vertically-aligned-top\"><figure class=\"wp-block-media-text__media\"><img loading=\"lazy\" decoding=\"async\" width=\"213\" height=\"300\" src=\"https:\/\/markpaterson.ch\/wp-content\/uploads\/2024\/03\/Waldvoegel_Titel213_300.jpg\" alt=\"\" class=\"wp-image-22 size-full\"\/><\/figure><div class=\"wp-block-media-text__content\">\n<div class=\"wp-block-group\"><div class=\"wp-block-group__inner-container is-layout-constrained wp-block-group-is-layout-constrained\">\n<div class=\"wp-block-cover\"><span aria-hidden=\"true\" class=\"wp-block-cover__background has-background-dim\"><\/span><div class=\"wp-block-cover__inner-container is-layout-flow wp-block-cover-is-layout-flow\">\n<div class=\"wp-block-group is-vertical is-layout-flex wp-container-core-group-is-layout-8cf370e7 wp-block-group-is-layout-flex\">\n<p><strong>Waldv\u00f6gel<\/strong><br>\u00abTy vole!\u00bb Der Karlik im Wald schuften? Unvorstellbar&#8230; Und wenn das Geld stimmt? \u2013 Das Geld stimmte und so kam Karlik der tschechische Privatdetektiv zu einem Job im Forst, wo man nicht nur Grips, sondern vor allem auch Muckis brauchte &#8230; Schwielen an den H\u00e4nden, kalte F\u00fcsse, Motors\u00e4gen- Geheul, das Fluchen der stahlharten Forstarbeiter und das Bersten des Sturmholzes waren dabei nur die kleinsten \u00dcbel.<\/p>\n\n\n\n<p>***<\/p>\n\n\n\n<p><\/p>\n\n\n\n<p>Seinen Drittling widmet Mark Paterson allen Lehrlingen, Forstarbeitern und anderen Lothar-Gesch\u00e4digten. Lothar? Der ber\u00fchmte Fussballspieler? Nein. Die Mutter aller St\u00fcrme, welche am zweiten Weihnachtstag des Jahres 1999 \u00fcber Mitteleuropa brauste und riesige Sch\u00e4den an Geb\u00e4uden, Verkehrswegen und W\u00e4ldern verursachte. Und mittendrin dieser r\u00e4tselhafte Koffer &#8230;<\/p>\n\n\n\n<p><a href=\"https:\/\/www.exlibris.ch\/de\/buecher-buch\/deutschsprachige-buecher\/mark-paterson\/waldvoegel\/id\/9783952505427\/\" data-type=\"link\" data-id=\"https:\/\/www.exlibris.ch\/de\/buecher-buch\/deutschsprachige-buecher\/mark-paterson\/waldvoegel\/id\/9783952505427\/\" target=\"_blank\" rel=\"noreferrer noopener\">&#8222;Waldv\u00f6gel&#8220; bei Ex-Libris kaufen<\/a><\/p>\n<\/div>\n<\/div><\/div>\n<\/div><\/div>\n<\/div><\/div>\n\n\n\n<div class=\"wp-block-media-text is-stacked-on-mobile is-vertically-aligned-top\"><figure class=\"wp-block-media-text__media\"><img loading=\"lazy\" decoding=\"async\" width=\"213\" height=\"300\" src=\"https:\/\/markpaterson.ch\/wp-content\/uploads\/2024\/03\/Karlik_Titel213_300.jpg\" alt=\"\" class=\"wp-image-21 size-full\"\/><\/figure><div class=\"wp-block-media-text__content\">\n<div class=\"wp-block-cover\"><span aria-hidden=\"true\" class=\"wp-block-cover__background has-background-dim\"><\/span><div class=\"wp-block-cover__inner-container is-layout-flow wp-block-cover-is-layout-flow\">\n<div class=\"wp-block-group is-vertical is-layout-flex wp-container-core-group-is-layout-8cf370e7 wp-block-group-is-layout-flex\">\n<p><strong>Karlik<\/strong><br>Nun liegt endlich ein zweiter Band von Mark Paterson vor: \u00abKarlik\u00bb \u2013 ein Krimi in Schwarz-Weiss vor der Kulisse einer bekannten Schweizer Stadt, mit einem abgefahrenen tschechischen Privatdetektiv und einer spannenden Geschichte.<\/p>\n\n\n\n<p>W\u00e4hrend in \u00abSchmetterlinge\u00bb die rasante Umnutzung in Z\u00fcrich-West ein zentrales Thema ist, fokussiert \u00abKarlik\u00bb ganz auf den Krimi. Dabei werden mit zahlreichen liebevollen Details Alltags- Situationen und nicht zuletzt auch Freuden und Leiden der Kunstszene geschildert.<\/p>\n\n\n\n<p>\u00dcberall tauchen Figuren, Gestalten und Szenerien auf, welche uns von \u00abSchmetterlinge\u00bb wohlbekannt sind: Dach- und Stadtlandschaften, Zigarettenstummel, unauff\u00e4llige M\u00e4nnchen in Regenm\u00e4nteln, Tauben und andere schr\u00e4ge V\u00f6gel. Und mit einem Comic im Comic leitet Mark Paterson einen neuen Zeichnungsstil ein, den er, wer weiss, vielleicht sp\u00e4ter weiterverfolgen wird &#8230;<\/p>\n\n\n\n<p><a href=\"https:\/\/www.exlibris.ch\/de\/buecher-buch\/deutschsprachige-buecher\/mark-paterson\/karlik\/id\/9783952505410\/\" data-type=\"link\" data-id=\"https:\/\/www.exlibris.ch\/de\/buecher-buch\/deutschsprachige-buecher\/mark-paterson\/karlik\/id\/9783952505410\/\" target=\"_blank\" rel=\"noreferrer noopener\">&#8222;Karlik&#8220; bei Ex-Libris kaufen<\/a><\/p>\n<\/div>\n<\/div><\/div>\n<\/div><\/div>\n\n\n\n<div class=\"wp-block-media-text is-stacked-on-mobile is-vertically-aligned-top\"><figure class=\"wp-block-media-text__media\"><img loading=\"lazy\" decoding=\"async\" width=\"214\" height=\"300\" src=\"https:\/\/markpaterson.ch\/wp-content\/uploads\/2024\/03\/Schmett_Titel300.gif\" alt=\"\" class=\"wp-image-20 size-full\"\/><\/figure><div class=\"wp-block-media-text__content\">\n<div class=\"wp-block-cover\"><span aria-hidden=\"true\" class=\"wp-block-cover__background has-background-dim\"><\/span><div class=\"wp-block-cover__inner-container is-layout-flow wp-block-cover-is-layout-flow\">\n<div class=\"wp-block-group\"><div class=\"wp-block-group__inner-container is-layout-constrained wp-block-group-is-layout-constrained\">\n<p><strong>Schmetterlinge<\/strong><br>\u00abSchmetterlinge\u00ab ist das erste Buch von Mark Paterson.<\/p>\n\n\n\n<p>In einer Gross-WG direkt an der Langstrasse lebend, beobachtete Mark Paterson das Treiben, die Umw\u00e4lzungen und die R\u00e4uber- und Poli-Spiel im Industriequartier aus n\u00e4chster N\u00e4he: Rotlichtmilieu, Wohlgroth, Letten, Umbauten, Immobilienspekulation. Nicht mit Schmetterlingen, sondern mit Wut im Bauch, begann er 1999 mit dem Zeichnen von \u00abSchmetterlinge\u00bb<\/p>\n\n\n\n<p><a href=\"https:\/\/www.exlibris.ch\/de\/buecher-buch\/deutschsprachige-buecher\/mark-paterson\/schmetterlinge\/id\/9783952505403\/\" data-type=\"link\" data-id=\"https:\/\/www.exlibris.ch\/de\/buecher-buch\/deutschsprachige-buecher\/mark-paterson\/schmetterlinge\/id\/9783952505403\/\" target=\"_blank\" rel=\"noreferrer noopener\">&#8222;Schmetterlinge&#8220; bei Ex-Libris kaufen<\/a><\/p>\n<\/div><\/div>\n<\/div><\/div>\n<\/div><\/div>\n","protected":false},"excerpt":{"rendered":"","protected":false},"author":1,"featured_media":0,"parent":0,"menu_order":0,"comment_status":"closed","ping_status":"closed","template":"","meta":{"footnotes":""},"class_list":["post-33","page","type-page","status-publish","hentry"],"_links":{"self":[{"href":"https:\/\/markpaterson.ch\/index.php?rest_route=\/wp\/v2\/pages\/33","targetHints":{"allow":["GET"]}}],"collection":[{"href":"https:\/\/markpaterson.ch\/index.php?rest_route=\/wp\/v2\/pages"}],"about":[{"href":"https:\/\/markpaterson.ch\/index.php?rest_route=\/wp\/v2\/types\/page"}],"author":[{"embeddable":true,"href":"https:\/\/markpaterson.ch\/index.php?rest_route=\/wp\/v2\/users\/1"}],"replies":[{"embeddable":true,"href":"https:\/\/markpaterson.ch\/index.php?rest_route=%2Fwp%2Fv2%2Fcomments&post=33"}],"version-history":[{"count":10,"href":"https:\/\/markpaterson.ch\/index.php?rest_route=\/wp\/v2\/pages\/33\/revisions"}],"predecessor-version":[{"id":54,"href":"https:\/\/markpaterson.ch\/index.php?rest_route=\/wp\/v2\/pages\/33\/revisions\/54"}],"wp:attachment":[{"href":"https:\/\/markpaterson.ch\/index.php?rest_route=%2Fwp%2Fv2%2Fmedia&parent=33"}],"curies":[{"name":"wp","href":"https:\/\/api.w.org\/{rel}","templated":true}]}}